{"id":95,"date":"2016-02-29T11:57:38","date_gmt":"2016-02-29T10:57:38","guid":{"rendered":"http:\/\/internationales-kinderhaus.de\/?page_id=95"},"modified":"2025-10-02T11:44:00","modified_gmt":"2025-10-02T09:44:00","slug":"preise","status":"publish","type":"page","link":"https:\/\/internationales-kinderhaus.de\/ika-2024\/anmeldeverfahren\/preise\/","title":{"rendered":"Preise"},"content":{"rendered":"<p><strong>Krippe<\/strong><\/p>\n<p>T\u00e4gliche Buchungszeit\/Preis<\/p>\n<p>4 \u2013 5 h 309,- Euro<br \/>\n5 \u2013 6-h 329,- Euro<br \/>\n6 \u2013 7 h 349,- Euro<br \/>\n7 \u2013 8 h 369,- Euro<br \/>\n8 \u2013 9 h 389,- Euro<br \/>\n<span style=\"font-size: 1rem;\">&gt; 9 h 399,- Euro<\/span><\/p>\n<p>Essensgeld Krippe: 60,- Euro<\/p>\n<p><strong>Kindergarten<\/strong><\/p>\n<p>T\u00e4gliche Buchungszeit\/Preis<\/p>\n<p>4 \u2013 5 h 197,- Euro<br \/>\n5 \u2013 6-h 207,- Euro<br \/>\n6 \u2013 7 h 217,- Euro<br \/>\n7 \u2013 8 h 227,- Euro<br \/>\n8 \u2013 9 h 237,- Euro<br \/>\n&gt; 9 h 242,- Euro<\/p>\n<p>Kinder ab dem vollendeten dritten Lebensjahr erhalten bis zum Schuleintritt einen Zuschuss von 100,- Euro pro Monat durch den Freistaat Bayern. Dieser Zuschuss wird ab dem Monat September des Jahres, in dem das Kind drei Jahre alt wird, gew\u00e4hrt und wird durch den Tr\u00e4ger direkt mit den Geb\u00fchren verrechnet. Unsere oben genannten Geb\u00fchren im Kindergarten und ggf. auch in der Krippe reduzieren sich in diesem Fall um 100,- Euro.<\/p>\n<p>Essensgeld Kindergarten: 80,- Euro<\/p>\n<p class=\"ox-07d3ea6a4f-MsoNormal\"><strong>Hort<\/strong><\/p>\n<p>2 &#8211; 3 h 167,- Euro<br \/>\n3 &#8211; 4-h 179,- Euro<br \/>\n4 \u2013 5 h 191,- Euro<br \/>\n5 \u2013 6 h 203,- Euro<\/p>\n<p>Essensgeld Hort: 80,- Euro<\/p>\n<p>Anmeldegeb\u00fchr f\u00fcr Krippe, Kindergarten, Hort: 30,- Euro<\/p>\n","protected":false},"excerpt":{"rendered":"<p>Krippe T\u00e4gliche Buchungszeit\/Preis 4 \u2013 5 h 309,- Euro 5 \u2013 6-h 329,- Euro 6 \u2013 7 h 349,- Euro 7 \u2013 8 h 369,- Euro 8 \u2013 9 h 389,- Euro &gt; 9 h 399,- Euro Essensgeld Krippe: 60,- [&hellip;]<\/p>\n","protected":false},"author":1,"featured_media":0,"parent":12,"menu_order":0,"comment_status":"closed","ping_status":"closed","template":"","meta":{"footnotes":""},"class_list":["post-95","page","type-page","status-publish","hentry"],"_links":{"self":[{"href":"https:\/\/internationales-kinderhaus.de\/ika-2024\/wp-json\/wp\/v2\/pages\/95","targetHints":{"allow":["GET"]}}],"collection":[{"href":"https:\/\/internationales-kinderhaus.de\/ika-2024\/wp-json\/wp\/v2\/pages"}],"about":[{"href":"https:\/\/internationales-kinderhaus.de\/ika-2024\/wp-json\/wp\/v2\/types\/page"}],"author":[{"embeddable":true,"href":"https:\/\/internationales-kinderhaus.de\/ika-2024\/wp-json\/wp\/v2\/users\/1"}],"replies":[{"embeddable":true,"href":"https:\/\/internationales-kinderhaus.de\/ika-2024\/wp-json\/wp\/v2\/comments?post=95"}],"version-history":[{"count":5,"href":"https:\/\/internationales-kinderhaus.de\/ika-2024\/wp-json\/wp\/v2\/pages\/95\/revisions"}],"predecessor-version":[{"id":1355,"href":"https:\/\/internationales-kinderhaus.de\/ika-2024\/wp-json\/wp\/v2\/pages\/95\/revisions\/1355"}],"up":[{"embeddable":true,"href":"https:\/\/internationales-kinderhaus.de\/ika-2024\/wp-json\/wp\/v2\/pages\/12"}],"wp:attachment":[{"href":"https:\/\/internationales-kinderhaus.de\/ika-2024\/wp-json\/wp\/v2\/media?parent=95"}],"curies":[{"name":"wp","href":"https:\/\/api.w.org\/{rel}","templated":true}]}}