{"id":819,"date":"2021-01-25T17:07:19","date_gmt":"2021-01-25T16:07:19","guid":{"rendered":"http:\/\/internationales-kinderhaus.de\/?page_id=819"},"modified":"2021-01-25T17:07:19","modified_gmt":"2021-01-25T16:07:19","slug":"vereinsmitgliedschaft","status":"publish","type":"page","link":"https:\/\/internationales-kinderhaus.de\/ika-2024\/der-verein\/vereinsmitgliedschaft\/","title":{"rendered":"Vereinsmitglied werden"},"content":{"rendered":"<p>Unser Verein wird getragen durch seine aktiven Mitglieder. Dies sind in der Regel die aktuellen Familien unserer Kita. Der Vereinsbeitritt erfolgt automatisch mit der Unterzeichnung des Betreuungsvertrages. Bei der Mitgliedschaft handelt es sich um eine Familienmitgliedschaft. Jede Familie hat bei Abstimmungen eine Stimme. Es gibt au\u00dferdem die M\u00f6glichkeit einer F\u00f6rdermitgliedschaft ohne aktives Stimmrecht z.B. f\u00fcr ehemalige IKA-Familien oder sonstige Au\u00dfenstehende. Bei Interesse sprecht bitte den Vorstand jederzeit gerne an.<\/p>\n<p>Der Jahresbeitrag f\u00fcr die Vereinsmitgliedschaft betr\u00e4gt 35,- Euro.<\/p>\n","protected":false},"excerpt":{"rendered":"<p>Unser Verein wird getragen durch seine aktiven Mitglieder. Dies sind in der Regel die aktuellen Familien unserer Kita. Der Vereinsbeitritt erfolgt automatisch mit der Unterzeichnung des Betreuungsvertrages. Bei der Mitgliedschaft handelt es sich um eine Familienmitgliedschaft. Jede Familie hat bei [&hellip;]<\/p>\n","protected":false},"author":1,"featured_media":0,"parent":14,"menu_order":0,"comment_status":"closed","ping_status":"closed","template":"","meta":{"footnotes":""},"class_list":["post-819","page","type-page","status-publish","hentry"],"_links":{"self":[{"href":"https:\/\/internationales-kinderhaus.de\/ika-2024\/wp-json\/wp\/v2\/pages\/819","targetHints":{"allow":["GET"]}}],"collection":[{"href":"https:\/\/internationales-kinderhaus.de\/ika-2024\/wp-json\/wp\/v2\/pages"}],"about":[{"href":"https:\/\/internationales-kinderhaus.de\/ika-2024\/wp-json\/wp\/v2\/types\/page"}],"author":[{"embeddable":true,"href":"https:\/\/internationales-kinderhaus.de\/ika-2024\/wp-json\/wp\/v2\/users\/1"}],"replies":[{"embeddable":true,"href":"https:\/\/internationales-kinderhaus.de\/ika-2024\/wp-json\/wp\/v2\/comments?post=819"}],"version-history":[{"count":0,"href":"https:\/\/internationales-kinderhaus.de\/ika-2024\/wp-json\/wp\/v2\/pages\/819\/revisions"}],"up":[{"embeddable":true,"href":"https:\/\/internationales-kinderhaus.de\/ika-2024\/wp-json\/wp\/v2\/pages\/14"}],"wp:attachment":[{"href":"https:\/\/internationales-kinderhaus.de\/ika-2024\/wp-json\/wp\/v2\/media?parent=819"}],"curies":[{"name":"wp","href":"https:\/\/api.w.org\/{rel}","templated":true}]}}