{"id":817,"date":"2021-01-25T17:04:50","date_gmt":"2021-01-25T16:04:50","guid":{"rendered":"http:\/\/internationales-kinderhaus.de\/?page_id=817"},"modified":"2025-06-05T09:36:37","modified_gmt":"2025-06-05T07:36:37","slug":"vereinsorganisation","status":"publish","type":"page","link":"https:\/\/internationales-kinderhaus.de\/ika-2024\/der-verein\/vereinsorganisation\/","title":{"rendered":"Vereinsorganisation"},"content":{"rendered":"<p><strong>Mitgliederversammlung<\/strong><br \/>\nZu Beginn des Kalenderjahres findet die j\u00e4hrliche Mitgliederversammlung statt. Die Mitglieder w\u00e4hlen den Vereinsvorstand sowie einen Kassenpr\u00fcfer. Sie erhalten einen R\u00fcckblick \u00fcber das vergangene Jahr (Jahresabschluss, Projekte etc.) sowie einen Ausblick darauf, was im n\u00e4chsten Jahr geplant ist. Die Mitgliederversammlung beschlie\u00dft au\u00dferdem \u00c4nderungen der Satzung sowie der Gesch\u00e4ftsordnung. Die Eltern als Mitglieder sind im Rahmen ihres Mitspracherechts u.a. auch an wichtigen Entscheidungen wie z.B. einer anstehenden Geb\u00fchrenerh\u00f6hung beteiligt.<\/p>\n<p><strong>Vorstand<\/strong><br \/>\nDer Vorstand ist das gesch\u00e4ftsf\u00fchrende Organ des Vereins. Er tr\u00e4gt die rechtliche Verantwortung f\u00fcr alle Vereinsgesch\u00e4fte und vertritt die Interessen des IKA in der \u00d6ffentlichkeit. Im Rahmen der Gesch\u00e4ftsf\u00fchrung geh\u00f6ren zu seinen Aufgaben alle Personal- und Finanzangelegenheiten. Au\u00dferdem \u00fcbernimmt der Vorstand die Organisation der Elternarbeit und k\u00fcmmert sich um die Instandhaltung des Geb\u00e4udes. Die Vorstandseltern arbeiten eng sowohl mit dem Leitungs- als auch dem gesamten p\u00e4dagogischen Team zusammen und leisten so einen wichtigen Beitrag zum Gelingen der anstehenden Aufgaben.<\/p>\n<p>Aktuell besteht unser Vorstand aus sieben Mitgliedern, die in der j\u00e4hrlichen Mitgliederversammlung neu gew\u00e4hlt werden. Der Vorstand arbeitet ehrenamtlich. Vorstandsitzungen finden einmal pro Monat statt. Jedes Vorstandsmitglied ist f\u00fcr einen eigenen Aufgabenbereich zust\u00e4ndig:<\/p>\n<p>Elke Scharrer (Vorsitzende\/Chair)<br \/>\nSimon Bruckert (Finanzen)<br \/>\nMonika Aum\u00fcller (Personal)<br \/>\nAnja Joerg (Personal)<br \/>\nMichael Jung (Instandhaltung)<br \/>\nAnna Taworntarn (Elternarbeit)<br \/>\nFerzana Usman (Spenden)<\/p>\n","protected":false},"excerpt":{"rendered":"<p>Mitgliederversammlung Zu Beginn des Kalenderjahres findet die j\u00e4hrliche Mitgliederversammlung statt. Die Mitglieder w\u00e4hlen den Vereinsvorstand sowie einen Kassenpr\u00fcfer. Sie erhalten einen R\u00fcckblick \u00fcber das vergangene Jahr (Jahresabschluss, Projekte etc.) sowie einen Ausblick darauf, was im n\u00e4chsten Jahr geplant ist. Die [&hellip;]<\/p>\n","protected":false},"author":1,"featured_media":0,"parent":14,"menu_order":0,"comment_status":"closed","ping_status":"closed","template":"","meta":{"footnotes":""},"class_list":["post-817","page","type-page","status-publish","hentry"],"_links":{"self":[{"href":"https:\/\/internationales-kinderhaus.de\/ika-2024\/wp-json\/wp\/v2\/pages\/817","targetHints":{"allow":["GET"]}}],"collection":[{"href":"https:\/\/internationales-kinderhaus.de\/ika-2024\/wp-json\/wp\/v2\/pages"}],"about":[{"href":"https:\/\/internationales-kinderhaus.de\/ika-2024\/wp-json\/wp\/v2\/types\/page"}],"author":[{"embeddable":true,"href":"https:\/\/internationales-kinderhaus.de\/ika-2024\/wp-json\/wp\/v2\/users\/1"}],"replies":[{"embeddable":true,"href":"https:\/\/internationales-kinderhaus.de\/ika-2024\/wp-json\/wp\/v2\/comments?post=817"}],"version-history":[{"count":3,"href":"https:\/\/internationales-kinderhaus.de\/ika-2024\/wp-json\/wp\/v2\/pages\/817\/revisions"}],"predecessor-version":[{"id":1331,"href":"https:\/\/internationales-kinderhaus.de\/ika-2024\/wp-json\/wp\/v2\/pages\/817\/revisions\/1331"}],"up":[{"embeddable":true,"href":"https:\/\/internationales-kinderhaus.de\/ika-2024\/wp-json\/wp\/v2\/pages\/14"}],"wp:attachment":[{"href":"https:\/\/internationales-kinderhaus.de\/ika-2024\/wp-json\/wp\/v2\/media?parent=817"}],"curies":[{"name":"wp","href":"https:\/\/api.w.org\/{rel}","templated":true}]}}