{"id":778,"date":"2021-01-22T17:19:09","date_gmt":"2021-01-22T16:19:09","guid":{"rendered":"http:\/\/internationales-kinderhaus.de\/?page_id=778"},"modified":"2021-01-22T17:19:09","modified_gmt":"2021-01-22T16:19:09","slug":"impressionen-aus-unserem-haus","status":"publish","type":"page","link":"https:\/\/internationales-kinderhaus.de\/ika-2024\/impressionen-aus-unserem-haus\/","title":{"rendered":"Impressionen aus unserem Haus"},"content":{"rendered":"<div id='gallery-1' class='gallery galleryid-778 gallery-columns-3 gallery-size-thumbnail'><figure class='gallery-item'>\n\t\t\t<div class='gallery-icon landscape'>\n\t\t\t\t<a href='https:\/\/internationales-kinderhaus.de\/ika-2024\/wp-content\/uploads\/2021\/01\/Impr28_Sitzecke.jpg'><img loading=\"lazy\" decoding=\"async\" width=\"150\" height=\"150\" src=\"https:\/\/internationales-kinderhaus.de\/ika-2024\/wp-content\/uploads\/2021\/01\/Impr28_Sitzecke-150x150.jpg\" class=\"attachment-thumbnail size-thumbnail\" alt=\"Impressionen - in der Krippe, Sitzecke\" aria-describedby=\"gallery-1-798\" \/><\/a>\n\t\t\t<\/div>\n\t\t\t\t<figcaption class='wp-caption-text gallery-caption' id='gallery-1-798'>\n\t\t\t\tImpressionen &#8211; in der Krippe, Sitzecke\n\t\t\t\t<\/figcaption><\/figure><figure class='gallery-item'>\n\t\t\t<div class='gallery-icon landscape'>\n\t\t\t\t<a href='https:\/\/internationales-kinderhaus.de\/ika-2024\/wp-content\/uploads\/2021\/01\/Impr27_Kuscheltier.jpg'><img loading=\"lazy\" decoding=\"async\" width=\"150\" height=\"150\" src=\"https:\/\/internationales-kinderhaus.de\/ika-2024\/wp-content\/uploads\/2021\/01\/Impr27_Kuscheltier-150x150.jpg\" class=\"attachment-thumbnail size-thumbnail\" alt=\"Impressionen - in der Krippe, Kuscheltier\" aria-describedby=\"gallery-1-797\" \/><\/a>\n\t\t\t<\/div>\n\t\t\t\t<figcaption class='wp-caption-text gallery-caption' id='gallery-1-797'>\n\t\t\t\tImpressionen &#8211; in der Krippe\n\t\t\t\t<\/figcaption><\/figure><figure class='gallery-item'>\n\t\t\t<div class='gallery-icon landscape'>\n\t\t\t\t<a href='https:\/\/internationales-kinderhaus.de\/ika-2024\/wp-content\/uploads\/2021\/01\/Impr26_KrippeSpielecke.jpg'><img loading=\"lazy\" decoding=\"async\" width=\"150\" height=\"150\" src=\"https:\/\/internationales-kinderhaus.de\/ika-2024\/wp-content\/uploads\/2021\/01\/Impr26_KrippeSpielecke-150x150.jpg\" class=\"attachment-thumbnail size-thumbnail\" alt=\"Impressionen - in der Krippe, Spielecke\" aria-describedby=\"gallery-1-796\" \/><\/a>\n\t\t\t<\/div>\n\t\t\t\t<figcaption class='wp-caption-text gallery-caption' id='gallery-1-796'>\n\t\t\t\tImpressionen &#8211; in der Krippe, Spielecke\n\t\t\t\t<\/figcaption><\/figure><figure class='gallery-item'>\n\t\t\t<div class='gallery-icon landscape'>\n\t\t\t\t<a href='https:\/\/internationales-kinderhaus.de\/ika-2024\/wp-content\/uploads\/2021\/01\/Impr26_KrippeAussenbereich.jpg'><img loading=\"lazy\" decoding=\"async\" width=\"150\" height=\"150\" src=\"https:\/\/internationales-kinderhaus.de\/ika-2024\/wp-content\/uploads\/2021\/01\/Impr26_KrippeAussenbereich-150x150.jpg\" class=\"attachment-thumbnail size-thumbnail\" alt=\"Impressionen - in der Krippe, Au\u00dfenbereich\" aria-describedby=\"gallery-1-795\" \/><\/a>\n\t\t\t<\/div>\n\t\t\t\t<figcaption class='wp-caption-text gallery-caption' id='gallery-1-795'>\n\t\t\t\tImpressionen &#8211; in der Krippe, Au\u00dfenbereich\n\t\t\t\t<\/figcaption><\/figure><figure class='gallery-item'>\n\t\t\t<div class='gallery-icon landscape'>\n\t\t\t\t<a href='https:\/\/internationales-kinderhaus.de\/ika-2024\/wp-content\/uploads\/2021\/01\/Impr24_Kigakreativ.jpg'><img loading=\"lazy\" decoding=\"async\" width=\"150\" height=\"150\" src=\"https:\/\/internationales-kinderhaus.de\/ika-2024\/wp-content\/uploads\/2021\/01\/Impr24_Kigakreativ-150x150.jpg\" class=\"attachment-thumbnail size-thumbnail\" alt=\"Impressionen - im Kindergarten, kreatives Arbeiten\" aria-describedby=\"gallery-1-793\" \/><\/a>\n\t\t\t<\/div>\n\t\t\t\t<figcaption class='wp-caption-text gallery-caption' id='gallery-1-793'>\n\t\t\t\tImpressionen &#8211; im Kindergarten, kreatives Arbeiten\n\t\t\t\t<\/figcaption><\/figure><figure class='gallery-item'>\n\t\t\t<div class='gallery-icon landscape'>\n\t\t\t\t<a href='https:\/\/internationales-kinderhaus.de\/ika-2024\/wp-content\/uploads\/2021\/01\/Impr23_Kigakreativ.jpg'><img loading=\"lazy\" decoding=\"async\" width=\"150\" height=\"150\" src=\"https:\/\/internationales-kinderhaus.de\/ika-2024\/wp-content\/uploads\/2021\/01\/Impr23_Kigakreativ-150x150.jpg\" class=\"attachment-thumbnail size-thumbnail\" alt=\"Impressionen - im Kindergarten, kreatives Arbeiten\" aria-describedby=\"gallery-1-792\" \/><\/a>\n\t\t\t<\/div>\n\t\t\t\t<figcaption class='wp-caption-text gallery-caption' id='gallery-1-792'>\n\t\t\t\tImpressionen &#8211; im Kindergarten, kreatives Arbeiten\n\t\t\t\t<\/figcaption><\/figure><figure class='gallery-item'>\n\t\t\t<div class='gallery-icon landscape'>\n\t\t\t\t<a href='https:\/\/internationales-kinderhaus.de\/ika-2024\/wp-content\/uploads\/2021\/01\/Impr22_Spielkueche.jpg'><img loading=\"lazy\" decoding=\"async\" width=\"150\" height=\"150\" src=\"https:\/\/internationales-kinderhaus.de\/ika-2024\/wp-content\/uploads\/2021\/01\/Impr22_Spielkueche-150x150.jpg\" class=\"attachment-thumbnail size-thumbnail\" alt=\"Impressionen - im Kindergarten\" aria-describedby=\"gallery-1-791\" \/><\/a>\n\t\t\t<\/div>\n\t\t\t\t<figcaption class='wp-caption-text gallery-caption' id='gallery-1-791'>\n\t\t\t\tImpressionen &#8211; im Kindergarten\n\t\t\t\t<\/figcaption><\/figure><figure class='gallery-item'>\n\t\t\t<div class='gallery-icon landscape'>\n\t\t\t\t<a href='https:\/\/internationales-kinderhaus.de\/ika-2024\/wp-content\/uploads\/2021\/01\/Impr21_Leitlinien.jpg'><img loading=\"lazy\" decoding=\"async\" width=\"150\" height=\"150\" src=\"https:\/\/internationales-kinderhaus.de\/ika-2024\/wp-content\/uploads\/2021\/01\/Impr21_Leitlinien-150x150.jpg\" class=\"attachment-thumbnail size-thumbnail\" alt=\"Impressionen - unsere Leitlinien\" aria-describedby=\"gallery-1-790\" \/><\/a>\n\t\t\t<\/div>\n\t\t\t\t<figcaption class='wp-caption-text gallery-caption' id='gallery-1-790'>\n\t\t\t\tImpressionen &#8211; unsere Leitlinien\n\t\t\t\t<\/figcaption><\/figure><figure class='gallery-item'>\n\t\t\t<div class='gallery-icon landscape'>\n\t\t\t\t<a href='https:\/\/internationales-kinderhaus.de\/ika-2024\/wp-content\/uploads\/2021\/01\/Impr20_KigaWandbild.jpg'><img loading=\"lazy\" decoding=\"async\" width=\"150\" height=\"150\" src=\"https:\/\/internationales-kinderhaus.de\/ika-2024\/wp-content\/uploads\/2021\/01\/Impr20_KigaWandbild-150x150.jpg\" class=\"attachment-thumbnail size-thumbnail\" alt=\"Impressionen - Wandbild im Kindergarten\" aria-describedby=\"gallery-1-789\" \/><\/a>\n\t\t\t<\/div>\n\t\t\t\t<figcaption class='wp-caption-text gallery-caption' id='gallery-1-789'>\n\t\t\t\tImpressionen &#8211; Wandbild im Kindergarten\n\t\t\t\t<\/figcaption><\/figure><figure class='gallery-item'>\n\t\t\t<div class='gallery-icon landscape'>\n\t\t\t\t<a href='https:\/\/internationales-kinderhaus.de\/ika-2024\/wp-content\/uploads\/2021\/01\/Impr19_Gummistiefel1.jpg'><img loading=\"lazy\" decoding=\"async\" width=\"150\" height=\"150\" src=\"https:\/\/internationales-kinderhaus.de\/ika-2024\/wp-content\/uploads\/2021\/01\/Impr19_Gummistiefel1-150x150.jpg\" class=\"attachment-thumbnail size-thumbnail\" alt=\"Impressionen - im Kindergarten\" aria-describedby=\"gallery-1-788\" \/><\/a>\n\t\t\t<\/div>\n\t\t\t\t<figcaption class='wp-caption-text gallery-caption' id='gallery-1-788'>\n\t\t\t\tImpressionen &#8211; im Kindergarten\n\t\t\t\t<\/figcaption><\/figure><figure class='gallery-item'>\n\t\t\t<div class='gallery-icon landscape'>\n\t\t\t\t<a href='https:\/\/internationales-kinderhaus.de\/ika-2024\/wp-content\/uploads\/2021\/01\/Impr17_KigaStifte.jpg'><img loading=\"lazy\" decoding=\"async\" width=\"150\" height=\"150\" src=\"https:\/\/internationales-kinderhaus.de\/ika-2024\/wp-content\/uploads\/2021\/01\/Impr17_KigaStifte-150x150.jpg\" class=\"attachment-thumbnail size-thumbnail\" alt=\"Impressionen - im Kindergarten\" aria-describedby=\"gallery-1-786\" \/><\/a>\n\t\t\t<\/div>\n\t\t\t\t<figcaption class='wp-caption-text gallery-caption' id='gallery-1-786'>\n\t\t\t\tImpressionen &#8211; im Kindergarten\n\t\t\t\t<\/figcaption><\/figure><figure class='gallery-item'>\n\t\t\t<div class='gallery-icon landscape'>\n\t\t\t\t<a href='https:\/\/internationales-kinderhaus.de\/ika-2024\/wp-content\/uploads\/2021\/01\/Impr16_Kigagruppenraum.jpg'><img loading=\"lazy\" decoding=\"async\" width=\"150\" height=\"150\" src=\"https:\/\/internationales-kinderhaus.de\/ika-2024\/wp-content\/uploads\/2021\/01\/Impr16_Kigagruppenraum-150x150.jpg\" class=\"attachment-thumbnail size-thumbnail\" alt=\"Impressionen - im Kindergarten, Gruppenraum\" aria-describedby=\"gallery-1-785\" \/><\/a>\n\t\t\t<\/div>\n\t\t\t\t<figcaption class='wp-caption-text gallery-caption' id='gallery-1-785'>\n\t\t\t\tImpressionen &#8211; im Kindergarten, Gruppenraum\n\t\t\t\t<\/figcaption><\/figure><figure class='gallery-item'>\n\t\t\t<div class='gallery-icon landscape'>\n\t\t\t\t<a href='https:\/\/internationales-kinderhaus.de\/ika-2024\/wp-content\/uploads\/2021\/01\/Impr15_KigaAdventskal.jpg'><img loading=\"lazy\" decoding=\"async\" width=\"150\" height=\"150\" src=\"https:\/\/internationales-kinderhaus.de\/ika-2024\/wp-content\/uploads\/2021\/01\/Impr15_KigaAdventskal-150x150.jpg\" class=\"attachment-thumbnail size-thumbnail\" alt=\"Impressionen - im Kindergarten, Adventskalender\" aria-describedby=\"gallery-1-784\" \/><\/a>\n\t\t\t<\/div>\n\t\t\t\t<figcaption class='wp-caption-text gallery-caption' id='gallery-1-784'>\n\t\t\t\tImpressionen &#8211; im Kindergarten, Adventskalender\n\t\t\t\t<\/figcaption><\/figure><figure class='gallery-item'>\n\t\t\t<div class='gallery-icon landscape'>\n\t\t\t\t<a href='https:\/\/internationales-kinderhaus.de\/ika-2024\/wp-content\/uploads\/2021\/01\/Impr14_KigaSpielmaterial.jpg'><img loading=\"lazy\" decoding=\"async\" width=\"150\" height=\"150\" src=\"https:\/\/internationales-kinderhaus.de\/ika-2024\/wp-content\/uploads\/2021\/01\/Impr14_KigaSpielmaterial-150x150.jpg\" class=\"attachment-thumbnail size-thumbnail\" alt=\"Impressionen - im Kindergarten, Spielmaterial\" aria-describedby=\"gallery-1-783\" \/><\/a>\n\t\t\t<\/div>\n\t\t\t\t<figcaption class='wp-caption-text gallery-caption' id='gallery-1-783'>\n\t\t\t\tImpressionen &#8211; im Kindergarten, Spielmaterial\n\t\t\t\t<\/figcaption><\/figure><figure class='gallery-item'>\n\t\t\t<div class='gallery-icon landscape'>\n\t\t\t\t<a href='https:\/\/internationales-kinderhaus.de\/ika-2024\/wp-content\/uploads\/2021\/01\/Impr13_KigaSpielmaterial.jpg'><img loading=\"lazy\" decoding=\"async\" width=\"150\" height=\"150\" src=\"https:\/\/internationales-kinderhaus.de\/ika-2024\/wp-content\/uploads\/2021\/01\/Impr13_KigaSpielmaterial-150x150.jpg\" class=\"attachment-thumbnail size-thumbnail\" alt=\"Impressionen - im Kindergarten, Spielmaterial\" aria-describedby=\"gallery-1-782\" \/><\/a>\n\t\t\t<\/div>\n\t\t\t\t<figcaption class='wp-caption-text gallery-caption' id='gallery-1-782'>\n\t\t\t\tImpressionen &#8211; im Kindergarten, Spielmaterial\n\t\t\t\t<\/figcaption><\/figure><figure class='gallery-item'>\n\t\t\t<div class='gallery-icon landscape'>\n\t\t\t\t<a href='https:\/\/internationales-kinderhaus.de\/ika-2024\/wp-content\/uploads\/2021\/01\/Impr12_Scheren.jpg'><img loading=\"lazy\" decoding=\"async\" width=\"150\" height=\"150\" src=\"https:\/\/internationales-kinderhaus.de\/ika-2024\/wp-content\/uploads\/2021\/01\/Impr12_Scheren-150x150.jpg\" class=\"attachment-thumbnail size-thumbnail\" alt=\"Impressionen - im Kindergarten\" aria-describedby=\"gallery-1-781\" \/><\/a>\n\t\t\t<\/div>\n\t\t\t\t<figcaption class='wp-caption-text gallery-caption' id='gallery-1-781'>\n\t\t\t\tImpressionen &#8211; im Kindergarten\n\t\t\t\t<\/figcaption><\/figure><figure class='gallery-item'>\n\t\t\t<div class='gallery-icon landscape'>\n\t\t\t\t<a href='https:\/\/internationales-kinderhaus.de\/ika-2024\/wp-content\/uploads\/2021\/01\/Impr11_Leseecke.jpg'><img loading=\"lazy\" decoding=\"async\" width=\"150\" height=\"150\" src=\"https:\/\/internationales-kinderhaus.de\/ika-2024\/wp-content\/uploads\/2021\/01\/Impr11_Leseecke-150x150.jpg\" class=\"attachment-thumbnail size-thumbnail\" alt=\"Impressionen - im Kindergarten, Leseecke\" aria-describedby=\"gallery-1-780\" \/><\/a>\n\t\t\t<\/div>\n\t\t\t\t<figcaption class='wp-caption-text gallery-caption' id='gallery-1-780'>\n\t\t\t\tImpressionen &#8211; im Kindergarten, Leseecke\n\t\t\t\t<\/figcaption><\/figure><figure class='gallery-item'>\n\t\t\t<div class='gallery-icon landscape'>\n\t\t\t\t<a href='https:\/\/internationales-kinderhaus.de\/ika-2024\/wp-content\/uploads\/2021\/01\/Impr10_Dachterrasse.jpg'><img loading=\"lazy\" decoding=\"async\" width=\"150\" height=\"150\" src=\"https:\/\/internationales-kinderhaus.de\/ika-2024\/wp-content\/uploads\/2021\/01\/Impr10_Dachterrasse-150x150.jpg\" class=\"attachment-thumbnail size-thumbnail\" alt=\"Impressionen - im Kindergarten, auf der Dachterrasse\" aria-describedby=\"gallery-1-779\" \/><\/a>\n\t\t\t<\/div>\n\t\t\t\t<figcaption class='wp-caption-text gallery-caption' id='gallery-1-779'>\n\t\t\t\tImpressionen &#8211; im Kindergarten, auf der Dachterrasse\n\t\t\t\t<\/figcaption><\/figure><figure class='gallery-item'>\n\t\t\t<div class='gallery-icon landscape'>\n\t\t\t\t<a href='https:\/\/internationales-kinderhaus.de\/ika-2024\/wp-content\/uploads\/2021\/01\/Impr09_Spielkisten.jpg'><img loading=\"lazy\" decoding=\"async\" width=\"150\" height=\"150\" src=\"https:\/\/internationales-kinderhaus.de\/ika-2024\/wp-content\/uploads\/2021\/01\/Impr09_Spielkisten-150x150.jpg\" class=\"attachment-thumbnail size-thumbnail\" alt=\"Impressionen - im Kindergarten\" aria-describedby=\"gallery-1-777\" \/><\/a>\n\t\t\t<\/div>\n\t\t\t\t<figcaption class='wp-caption-text gallery-caption' id='gallery-1-777'>\n\t\t\t\tImpressionen &#8211; im Kindergarten\n\t\t\t\t<\/figcaption><\/figure><figure class='gallery-item'>\n\t\t\t<div class='gallery-icon landscape'>\n\t\t\t\t<a href='https:\/\/internationales-kinderhaus.de\/ika-2024\/wp-content\/uploads\/2021\/01\/Impr06_IKA_Gebaeude.jpg'><img loading=\"lazy\" decoding=\"async\" width=\"150\" height=\"150\" src=\"https:\/\/internationales-kinderhaus.de\/ika-2024\/wp-content\/uploads\/2021\/01\/Impr06_IKA_Gebaeude-150x150.jpg\" class=\"attachment-thumbnail size-thumbnail\" alt=\"Impressionen - das Geb\u00e4ude in der Sch\u00e4fflerbachstra\u00dfe\" aria-describedby=\"gallery-1-776\" \/><\/a>\n\t\t\t<\/div>\n\t\t\t\t<figcaption class='wp-caption-text gallery-caption' id='gallery-1-776'>\n\t\t\t\tImpressionen &#8211; das Geb\u00e4ude in der Sch\u00e4fflerbachstra\u00dfe\n\t\t\t\t<\/figcaption><\/figure><figure class='gallery-item'>\n\t\t\t<div class='gallery-icon landscape'>\n\t\t\t\t<a href='https:\/\/internationales-kinderhaus.de\/ika-2024\/wp-content\/uploads\/2021\/01\/Impr05_Bewegungsraum.jpg'><img loading=\"lazy\" decoding=\"async\" width=\"150\" height=\"150\" src=\"https:\/\/internationales-kinderhaus.de\/ika-2024\/wp-content\/uploads\/2021\/01\/Impr05_Bewegungsraum-150x150.jpg\" class=\"attachment-thumbnail size-thumbnail\" alt=\"Impressionen - Bewegungsraum\" aria-describedby=\"gallery-1-775\" \/><\/a>\n\t\t\t<\/div>\n\t\t\t\t<figcaption class='wp-caption-text gallery-caption' id='gallery-1-775'>\n\t\t\t\tImpressionen &#8211; Bewegungsraum\n\t\t\t\t<\/figcaption><\/figure><figure class='gallery-item'>\n\t\t\t<div class='gallery-icon landscape'>\n\t\t\t\t<a href='https:\/\/internationales-kinderhaus.de\/ika-2024\/wp-content\/uploads\/2021\/01\/Impr03_HausfgabenHort.jpg'><img loading=\"lazy\" decoding=\"async\" width=\"150\" height=\"150\" src=\"https:\/\/internationales-kinderhaus.de\/ika-2024\/wp-content\/uploads\/2021\/01\/Impr03_HausfgabenHort-150x150.jpg\" class=\"attachment-thumbnail size-thumbnail\" alt=\"Impressionen - im Hort: Hausaufgabenraum\" aria-describedby=\"gallery-1-773\" \/><\/a>\n\t\t\t<\/div>\n\t\t\t\t<figcaption class='wp-caption-text gallery-caption' id='gallery-1-773'>\n\t\t\t\tImpressionen &#8211; im Hort: Hausaufgabenraum\n\t\t\t\t<\/figcaption><\/figure><figure class='gallery-item'>\n\t\t\t<div class='gallery-icon landscape'>\n\t\t\t\t<a href='https:\/\/internationales-kinderhaus.de\/ika-2024\/wp-content\/uploads\/2021\/01\/Impr02_Hortkreativ.jpg'><img loading=\"lazy\" decoding=\"async\" width=\"150\" height=\"150\" src=\"https:\/\/internationales-kinderhaus.de\/ika-2024\/wp-content\/uploads\/2021\/01\/Impr02_Hortkreativ-150x150.jpg\" class=\"attachment-thumbnail size-thumbnail\" alt=\"Impressionen - im Hort: kreativ\" aria-describedby=\"gallery-1-772\" \/><\/a>\n\t\t\t<\/div>\n\t\t\t\t<figcaption class='wp-caption-text gallery-caption' id='gallery-1-772'>\n\t\t\t\tImpressionen &#8211; im Hort: kreativ\n\t\t\t\t<\/figcaption><\/figure><figure class='gallery-item'>\n\t\t\t<div class='gallery-icon landscape'>\n\t\t\t\t<a href='https:\/\/internationales-kinderhaus.de\/ika-2024\/wp-content\/uploads\/2021\/01\/Impr01_Buecherei_Elternwartebereich.jpg'><img loading=\"lazy\" decoding=\"async\" width=\"150\" height=\"150\" src=\"https:\/\/internationales-kinderhaus.de\/ika-2024\/wp-content\/uploads\/2021\/01\/Impr01_Buecherei_Elternwartebereich-150x150.jpg\" class=\"attachment-thumbnail size-thumbnail\" alt=\"Impressionnen - B\u00fccherei und Elternwartebereich\" aria-describedby=\"gallery-1-771\" \/><\/a>\n\t\t\t<\/div>\n\t\t\t\t<figcaption class='wp-caption-text gallery-caption' id='gallery-1-771'>\n\t\t\t\tImpressionnen &#8211; B\u00fccherei und Elternwartebereich\n\t\t\t\t<\/figcaption><\/figure>\n\t\t<\/div>\n\n","protected":false},"excerpt":{"rendered":"","protected":false},"author":1,"featured_media":0,"parent":0,"menu_order":0,"comment_status":"closed","ping_status":"closed","template":"","meta":{"footnotes":""},"class_list":["post-778","page","type-page","status-publish","hentry"],"_links":{"self":[{"href":"https:\/\/internationales-kinderhaus.de\/ika-2024\/wp-json\/wp\/v2\/pages\/778","targetHints":{"allow":["GET"]}}],"collection":[{"href":"https:\/\/internationales-kinderhaus.de\/ika-2024\/wp-json\/wp\/v2\/pages"}],"about":[{"href":"https:\/\/internationales-kinderhaus.de\/ika-2024\/wp-json\/wp\/v2\/types\/page"}],"author":[{"embeddable":true,"href":"https:\/\/internationales-kinderhaus.de\/ika-2024\/wp-json\/wp\/v2\/users\/1"}],"replies":[{"embeddable":true,"href":"https:\/\/internationales-kinderhaus.de\/ika-2024\/wp-json\/wp\/v2\/comments?post=778"}],"version-history":[{"count":0,"href":"https:\/\/internationales-kinderhaus.de\/ika-2024\/wp-json\/wp\/v2\/pages\/778\/revisions"}],"wp:attachment":[{"href":"https:\/\/internationales-kinderhaus.de\/ika-2024\/wp-json\/wp\/v2\/media?parent=778"}],"curies":[{"name":"wp","href":"https:\/\/api.w.org\/{rel}","templated":true}]}}