{"id":730,"date":"2021-01-18T14:28:50","date_gmt":"2021-01-18T13:28:50","guid":{"rendered":"http:\/\/internationales-kinderhaus.de\/?page_id=730"},"modified":"2021-01-18T14:28:50","modified_gmt":"2021-01-18T13:28:50","slug":"faq-haeufige-fragen","status":"publish","type":"page","link":"https:\/\/internationales-kinderhaus.de\/ika-2024\/faq-haeufige-fragen\/","title":{"rendered":"FAQ &#8211; H\u00e4ufige Fragen"},"content":{"rendered":"<h2>Allgemeine Fragen<\/h2>\n<p><strong>Nach welchen Kriterien werden die Pl\u00e4tze vergeben? <\/strong>Vorrangig aufgenommen werden Geschwisterkinder sowie interne Kinder, die von der Krippe in den Kindergarten, bzw. vom Kindergarten in den Hort wechseln. Wir achten weiterhin darauf, dass das Alters- und Geschlechtergef\u00fcge in den Gruppen ausgewogen ist, damit alle Kinder passende Spielpartner finden k\u00f6nnen. Von Vorteil ist es, wenn ein Kind bereits einen Bezug zur englischen Sprache hat (z. B. weil es bereits zweisprachig aufw\u00e4chst, l\u00e4ngere Zeit im englischsprachigen Ausland verbracht oder Verwandtschaft dort hat). Weiterhin werden Familien, die in der n\u00e4heren Umgebung unserer Kita wohnen, bevorzugt aufgenommen. Soziale Kriterien, z. B. wenn Eltern alleinerziehend sind, spielen ebenfalls eine Rolle. Au\u00dferdem sollten Eltern hinter dem Elterninitiativ-Gedanken stehen und bereit sein, sich und ihre Arbeitskraft einzubringen. Alle diese Kriterien stellen keine Rangfolge dar. \u00dcber die Aufnahme eines Kindes entscheiden die Kita-Leitung und das Betreuungspersonal sowie der Vereinsvorstand gemeinsam.<\/p>\n<p><strong>Wie gro\u00df sind meine Chancen, einen Platz f\u00fcr mein Kind zu bekommen? <\/strong>Diese Frage k\u00f6nnen wir erst beantworten, wenn alle Anmeldungen eingegangen sind. Bitte beachten Sie, dass das Datum der Anmeldung (falls es vor dem Anmeldeschluss liegt) f\u00fcr die Platzvergabe keine Rolle spielt, da wir keine Rangfolge f\u00fcr die eingehenden Anmeldungen bilden. Es l\u00e4sst sich au\u00dferdem beobachten, dass die Zahl der eingegangenen Anmeldungen in den letzten Jahren immer sehr hoch war, w\u00e4hrend die Zahl der zur Verf\u00fcgung stehenden Pl\u00e4tze sehr gering war. Es ist zu erwarten, dass auch in diesem Jahr &#8211; wie schon in den Vorjahren &#8211; die Chancen auf einen Platz relativ gering sein werden. Es empfiehlt sich deshalb in jedem Fall, Ihr Kind noch in anderen Kitas anzumelden, falls sie dringend auf den Platz angewiesen sind.<\/p>\n<p><strong>Werden auch im laufenden Jahr Pl\u00e4tze vergeben oder ist ein Einstieg nur im September m\u00f6glich? <\/strong>Alle Pl\u00e4tze werden grunds\u00e4tzlich im September vergeben. Allerdings besteht immer die M\u00f6glichkeit, dass eine Familie einen zugesagten Platz doch nicht annimmt oder dass im laufenden Jahr ein Platz gek\u00fcndigt wird. Diese Pl\u00e4tze k\u00f6nnen dann mit Kindern von unserer Warteliste nachbesetzt werden. Sollten Sie Ihr Kind f\u00fcr unsere Warteliste gemeldet haben, beachten Sie bitte, dass wir uns nur dann bei Ihnen melden, absehbar ein Platz frei wird.<\/p>\n<p><strong>Wie viel Zeit nimmt die Elternarbeit in Anspruch? <\/strong>Vertraglich vorgesehen sind ca. 40 Stunden pro Jahr. Diese werden \u00fcber die Arbeit in den einzelnen Elternarbeitsgruppen, der Mithilfe an einem der beiden Putztage im Jahr und bei der Vorbereitung zum j\u00e4hrlichen Sommerfest abgeleistet. Je nach zugeteilter Arbeitsgruppe bzw. allgemeinem Arbeitsanfall k\u00f6nnen die vorgesehenen Elternarbeitsstunden auch nach oben oder unten variieren.<\/p>\n<p><strong>Wie viele Schlie\u00dfzeiten gibt es? <\/strong>Unsere Schlie\u00dfzeiten sind in der Regel eine Woche an Ostern, zwei Wochen in den Sommerferien und zwei Wochen \u00fcber Weihnachten. Hinzu kommen einzelne Klausur- und Teamtage, die zu Beginn des Kita-Jahres festgelegt werden.<\/p>\n<p><strong>Wann erfahren wir, ob wir eine Zu- oder Absage f\u00fcr einen Platz f\u00fcr unser Kind erhalten?<\/strong> Die Zeiten, zu denen die Zu- und Absagen vergeben werden, sind f\u00fcr alle Augsburger Kitas gleich. Sie werden vom Amt f\u00fcr Kindertagesbetreuung der Stadt Augsburg festgelegt. Sobald uns die Termine bekannt sind, werden wir sie auf unserer Homepage ver\u00f6ffentlichen.<\/p>\n","protected":false},"excerpt":{"rendered":"<p>Allgemeine Fragen Nach welchen Kriterien werden die Pl\u00e4tze vergeben? Vorrangig aufgenommen werden Geschwisterkinder sowie interne Kinder, die von der Krippe in den Kindergarten, bzw. vom Kindergarten in den Hort wechseln. Wir achten weiterhin darauf, dass das Alters- und Geschlechtergef\u00fcge in [&hellip;]<\/p>\n","protected":false},"author":1,"featured_media":0,"parent":0,"menu_order":0,"comment_status":"closed","ping_status":"closed","template":"","meta":{"footnotes":""},"class_list":["post-730","page","type-page","status-publish","hentry"],"_links":{"self":[{"href":"https:\/\/internationales-kinderhaus.de\/ika-2024\/wp-json\/wp\/v2\/pages\/730","targetHints":{"allow":["GET"]}}],"collection":[{"href":"https:\/\/internationales-kinderhaus.de\/ika-2024\/wp-json\/wp\/v2\/pages"}],"about":[{"href":"https:\/\/internationales-kinderhaus.de\/ika-2024\/wp-json\/wp\/v2\/types\/page"}],"author":[{"embeddable":true,"href":"https:\/\/internationales-kinderhaus.de\/ika-2024\/wp-json\/wp\/v2\/users\/1"}],"replies":[{"embeddable":true,"href":"https:\/\/internationales-kinderhaus.de\/ika-2024\/wp-json\/wp\/v2\/comments?post=730"}],"version-history":[{"count":0,"href":"https:\/\/internationales-kinderhaus.de\/ika-2024\/wp-json\/wp\/v2\/pages\/730\/revisions"}],"wp:attachment":[{"href":"https:\/\/internationales-kinderhaus.de\/ika-2024\/wp-json\/wp\/v2\/media?parent=730"}],"curies":[{"name":"wp","href":"https:\/\/api.w.org\/{rel}","templated":true}]}}