{"id":71,"date":"2016-02-08T12:45:28","date_gmt":"2016-02-08T11:45:28","guid":{"rendered":"http:\/\/internationales-kinderhaus.de\/ika-wp\/?page_id=71"},"modified":"2024-11-22T16:24:34","modified_gmt":"2024-11-22T15:24:34","slug":"fuer-die-ganz-kleinen-unsere-krippe","status":"publish","type":"page","link":"https:\/\/internationales-kinderhaus.de\/ika-2024\/ueber-uns\/fuer-die-ganz-kleinen-unsere-krippe\/","title":{"rendered":"Unsere Krippe f\u00fcr die ganz Kleinen"},"content":{"rendered":"\n<p>In unserer Krippe betreuen wir 26 Kinder im Alter von 1 \u2013 3 Jahren in zwei Gruppen.<\/p>\n\n\n\n<figure class=\"wp-block-image alignnone\"><img decoding=\"async\" src=\"https:\/\/internationales-kinderhaus.de\/ika-wp\/wp-content\/uploads\/IKA-58-e1460117675295.jpg\" alt=\"Spielszene in der Krippe: Kinder mit Erzieherin\"\/><figcaption class=\"wp-element-caption\">Spielszene in der Krippe<\/figcaption><\/figure>\n\n\n\n<p><strong>Unseren Kindern bieten wir<\/strong><\/p>\n\n\n\n<ul class=\"wp-block-list\">\n<li>wiederkehrende Abl\u00e4ufe und Rituale<\/li>\n\n\n\n<li>viele Bewegungsm\u00f6glichkeiten drinnen und drau\u00dfen<\/li>\n\n\n\n<li>vielf\u00e4ltige Wahrnehmungsm\u00f6glichkeiten und Anregung zum Experimentieren und Erkunden<\/li>\n<\/ul>\n\n\n\n<p><strong>Dabei ist uns wichtig<\/strong><\/p>\n\n\n\n<ul class=\"wp-block-list\">\n<li>eine sanfte und individuell auf das Kind abgestimmte Eingew\u00f6hnung in Anlehnung an das Berliner Modell<\/li>\n\n\n\n<li>auf die Bed\u00fcrfnisse jedes einzelnen Kindes einzugehen und es ganzheitlich in seiner Entwicklung zu unterst\u00fctzen<\/li>\n\n\n\n<li>dass jedes Kind die Gelegenheit erh\u00e4lt, tragf\u00e4hige Beziehungen aufzubauen und soziale Verhaltensweisen einzu\u00fcben<\/li>\n<\/ul>\n\n\n\n<p><strong>Unsere R\u00e4ume<\/strong><\/p>\n\n\n\n<p>Unsere liebevoll gestalteten R\u00e4umlichkeiten sind ein Ort zum Wohlf\u00fchlen f\u00fcr unsere Kleinsten. Jede Gruppe verf\u00fcgt \u00fcber einen gro\u00dfen Gruppenraum mit einer Hochebene, einem eigenen Schlafraum und einem Badezimmer mit Wickelm\u00f6glichkeit. Beide Gruppen teilen sich eine K\u00fcche, in der wir kleine Backaktionen mit den Kindern durchf\u00fchren oder auch etwas Mitgebrachtes aufw\u00e4rmen k\u00f6nnen. Weiterhin gibt es f\u00fcr unsere Krippenkinder einen gro\u00dfz\u00fcgigen Spielflur und einen vom restlichen Haus abgetrennten Au\u00dfenspielbereich mit verschiedenen Spielm\u00f6glichkeiten. Auch der gro\u00dfe Bewegungsraum steht f\u00fcr unsere Krippenkinder zur Verf\u00fcgung.<\/p>\n\n\n\n<p>Im folgenden Video k\u00f6nnen Sie sich einen kurzen Eindruck verschaffen.<\/p>\n\n\n\n<figure class=\"wp-block-video\"><video controls src=\"http:\/\/internationales-kinderhaus.de\/ika-wp\/wp-content\/uploads\/UnsereKrippe-converted.mp4\"><\/video><\/figure>\n\n\n\n<p class=\"has-text-align-left\">Unser Krippenteam freut sich auf Sie und Ihr Kind.<\/p>\n\n\n\n<p class=\"has-text-align-center\"><\/p>\n\n\n\n<figure class=\"wp-block-gallery has-nested-images columns-default is-cropped wp-block-gallery-1 is-layout-flex wp-block-gallery-is-layout-flex\">\n<figure class=\"wp-block-image size-large\"><img loading=\"lazy\" decoding=\"async\" width=\"768\" height=\"1024\" data-id=\"1246\" src=\"https:\/\/internationales-kinderhaus.de\/ika-2024\/wp-content\/uploads\/2024\/11\/Krippe7-768x1024.jpg\" alt=\"\" class=\"wp-image-1246\" srcset=\"https:\/\/internationales-kinderhaus.de\/ika-2024\/wp-content\/uploads\/2024\/11\/Krippe7-768x1024.jpg 768w, https:\/\/internationales-kinderhaus.de\/ika-2024\/wp-content\/uploads\/2024\/11\/Krippe7-225x300.jpg 225w, https:\/\/internationales-kinderhaus.de\/ika-2024\/wp-content\/uploads\/2024\/11\/Krippe7-1152x1536.jpg 1152w, https:\/\/internationales-kinderhaus.de\/ika-2024\/wp-content\/uploads\/2024\/11\/Krippe7-1536x2048.jpg 1536w, https:\/\/internationales-kinderhaus.de\/ika-2024\/wp-content\/uploads\/2024\/11\/Krippe7.jpg 1538w\" sizes=\"auto, (max-width: 768px) 100vw, 768px\" \/><\/figure>\n\n\n\n<figure class=\"wp-block-image size-large\"><img loading=\"lazy\" decoding=\"async\" width=\"768\" height=\"1024\" data-id=\"1245\" src=\"https:\/\/internationales-kinderhaus.de\/ika-2024\/wp-content\/uploads\/2024\/11\/Krippe6-768x1024.jpg\" alt=\"\" class=\"wp-image-1245\" srcset=\"https:\/\/internationales-kinderhaus.de\/ika-2024\/wp-content\/uploads\/2024\/11\/Krippe6-768x1024.jpg 768w, https:\/\/internationales-kinderhaus.de\/ika-2024\/wp-content\/uploads\/2024\/11\/Krippe6-225x300.jpg 225w, https:\/\/internationales-kinderhaus.de\/ika-2024\/wp-content\/uploads\/2024\/11\/Krippe6-1152x1536.jpg 1152w, https:\/\/internationales-kinderhaus.de\/ika-2024\/wp-content\/uploads\/2024\/11\/Krippe6-1536x2048.jpg 1536w, https:\/\/internationales-kinderhaus.de\/ika-2024\/wp-content\/uploads\/2024\/11\/Krippe6-scaled.jpg 1920w\" sizes=\"auto, (max-width: 768px) 100vw, 768px\" \/><\/figure>\n\n\n\n<figure class=\"wp-block-image size-large\"><img loading=\"lazy\" decoding=\"async\" width=\"768\" height=\"1024\" data-id=\"1244\" src=\"https:\/\/internationales-kinderhaus.de\/ika-2024\/wp-content\/uploads\/2024\/11\/Krippe4-768x1024.jpg\" alt=\"\" class=\"wp-image-1244\" srcset=\"https:\/\/internationales-kinderhaus.de\/ika-2024\/wp-content\/uploads\/2024\/11\/Krippe4-768x1024.jpg 768w, https:\/\/internationales-kinderhaus.de\/ika-2024\/wp-content\/uploads\/2024\/11\/Krippe4-225x300.jpg 225w, https:\/\/internationales-kinderhaus.de\/ika-2024\/wp-content\/uploads\/2024\/11\/Krippe4.jpg 1103w\" sizes=\"auto, (max-width: 768px) 100vw, 768px\" \/><\/figure>\n\n\n\n<figure class=\"wp-block-image size-large\"><img loading=\"lazy\" decoding=\"async\" width=\"768\" height=\"1024\" data-id=\"1243\" src=\"https:\/\/internationales-kinderhaus.de\/ika-2024\/wp-content\/uploads\/2024\/11\/Krippe2-768x1024.jpg\" alt=\"\" class=\"wp-image-1243\" srcset=\"https:\/\/internationales-kinderhaus.de\/ika-2024\/wp-content\/uploads\/2024\/11\/Krippe2-768x1024.jpg 768w, https:\/\/internationales-kinderhaus.de\/ika-2024\/wp-content\/uploads\/2024\/11\/Krippe2-225x300.jpg 225w, https:\/\/internationales-kinderhaus.de\/ika-2024\/wp-content\/uploads\/2024\/11\/Krippe2-1152x1536.jpg 1152w, https:\/\/internationales-kinderhaus.de\/ika-2024\/wp-content\/uploads\/2024\/11\/Krippe2-1536x2048.jpg 1536w, https:\/\/internationales-kinderhaus.de\/ika-2024\/wp-content\/uploads\/2024\/11\/Krippe2.jpg 1725w\" sizes=\"auto, (max-width: 768px) 100vw, 768px\" \/><\/figure>\n\n\n\n<figure class=\"wp-block-image size-large\"><img loading=\"lazy\" decoding=\"async\" width=\"768\" height=\"1024\" data-id=\"1242\" src=\"https:\/\/internationales-kinderhaus.de\/ika-2024\/wp-content\/uploads\/2024\/11\/Krippe1-768x1024.jpg\" alt=\"\" class=\"wp-image-1242\" srcset=\"https:\/\/internationales-kinderhaus.de\/ika-2024\/wp-content\/uploads\/2024\/11\/Krippe1-768x1024.jpg 768w, https:\/\/internationales-kinderhaus.de\/ika-2024\/wp-content\/uploads\/2024\/11\/Krippe1-225x300.jpg 225w, https:\/\/internationales-kinderhaus.de\/ika-2024\/wp-content\/uploads\/2024\/11\/Krippe1-1152x1536.jpg 1152w, https:\/\/internationales-kinderhaus.de\/ika-2024\/wp-content\/uploads\/2024\/11\/Krippe1-1535x2048.jpg 1535w, https:\/\/internationales-kinderhaus.de\/ika-2024\/wp-content\/uploads\/2024\/11\/Krippe1-scaled.jpg 1919w\" sizes=\"auto, (max-width: 768px) 100vw, 768px\" \/><\/figure>\n\n\n\n<figure class=\"wp-block-image size-large\"><img loading=\"lazy\" decoding=\"async\" width=\"400\" height=\"533\" data-id=\"981\" src=\"https:\/\/internationales-kinderhaus.de\/ika-2024\/wp-content\/uploads\/2022\/10\/Rainbows_Ceren.jpg\" alt=\"\" class=\"wp-image-981\" srcset=\"https:\/\/internationales-kinderhaus.de\/ika-2024\/wp-content\/uploads\/2022\/10\/Rainbows_Ceren.jpg 400w, https:\/\/internationales-kinderhaus.de\/ika-2024\/wp-content\/uploads\/2022\/10\/Rainbows_Ceren-225x300.jpg 225w\" sizes=\"auto, (max-width: 400px) 100vw, 400px\" \/><\/figure>\n<\/figure>\n\n\n\n<p><\/p>\n\n\n\n<figure class=\"wp-block-image size-full is-resized\"><img loading=\"lazy\" decoding=\"async\" width=\"400\" height=\"533\" src=\"https:\/\/internationales-kinderhaus.de\/ika-2024\/wp-content\/uploads\/2022\/10\/Sunshines_Regina.jpg\" alt=\"\" class=\"wp-image-988\" style=\"width:250px;height:auto\" srcset=\"https:\/\/internationales-kinderhaus.de\/ika-2024\/wp-content\/uploads\/2022\/10\/Sunshines_Regina.jpg 400w, https:\/\/internationales-kinderhaus.de\/ika-2024\/wp-content\/uploads\/2022\/10\/Sunshines_Regina-225x300.jpg 225w\" sizes=\"auto, (max-width: 400px) 100vw, 400px\" \/><\/figure>\n\n\n\n<p><\/p>\n\n\n\n<p><\/p>\n\n\n\n<p><\/p>\n\n\n\n<p><\/p>\n\n\n\n<p><\/p>\n\n\n\n<p><\/p>\n\n\n\n<p>Unsere Geb\u00fchren-\u00dcbersicht finden Sie hier: <a href=\"http:\/\/internationales-kinderhaus.de\/anmeldeverfahren\/preise\/\">Preise<\/a><\/p>\n","protected":false},"excerpt":{"rendered":"<p>In unserer Krippe betreuen wir 26 Kinder im Alter von 1 \u2013 3 Jahren in zwei Gruppen. Unseren Kindern bieten wir Dabei ist uns wichtig Unsere R\u00e4ume Unsere liebevoll gestalteten R\u00e4umlichkeiten sind ein Ort zum Wohlf\u00fchlen f\u00fcr unsere Kleinsten. Jede [&hellip;]<\/p>\n","protected":false},"author":1,"featured_media":0,"parent":152,"menu_order":0,"comment_status":"closed","ping_status":"closed","template":"","meta":{"footnotes":""},"class_list":["post-71","page","type-page","status-publish","hentry"],"_links":{"self":[{"href":"https:\/\/internationales-kinderhaus.de\/ika-2024\/wp-json\/wp\/v2\/pages\/71","targetHints":{"allow":["GET"]}}],"collection":[{"href":"https:\/\/internationales-kinderhaus.de\/ika-2024\/wp-json\/wp\/v2\/pages"}],"about":[{"href":"https:\/\/internationales-kinderhaus.de\/ika-2024\/wp-json\/wp\/v2\/types\/page"}],"author":[{"embeddable":true,"href":"https:\/\/internationales-kinderhaus.de\/ika-2024\/wp-json\/wp\/v2\/users\/1"}],"replies":[{"embeddable":true,"href":"https:\/\/internationales-kinderhaus.de\/ika-2024\/wp-json\/wp\/v2\/comments?post=71"}],"version-history":[{"count":9,"href":"https:\/\/internationales-kinderhaus.de\/ika-2024\/wp-json\/wp\/v2\/pages\/71\/revisions"}],"predecessor-version":[{"id":1261,"href":"https:\/\/internationales-kinderhaus.de\/ika-2024\/wp-json\/wp\/v2\/pages\/71\/revisions\/1261"}],"up":[{"embeddable":true,"href":"https:\/\/internationales-kinderhaus.de\/ika-2024\/wp-json\/wp\/v2\/pages\/152"}],"wp:attachment":[{"href":"https:\/\/internationales-kinderhaus.de\/ika-2024\/wp-json\/wp\/v2\/media?parent=71"}],"curies":[{"name":"wp","href":"https:\/\/api.w.org\/{rel}","templated":true}]}}