{"id":613,"date":"2020-12-04T15:47:35","date_gmt":"2020-12-04T14:47:35","guid":{"rendered":"http:\/\/internationales-kinderhaus.de\/?page_id=613"},"modified":"2020-12-04T15:47:35","modified_gmt":"2020-12-04T14:47:35","slug":"betreuungszeiten","status":"publish","type":"page","link":"https:\/\/internationales-kinderhaus.de\/ika-2024\/anmeldeverfahren\/betreuungszeiten\/","title":{"rendered":"Betreuungszeiten"},"content":{"rendered":"<p><strong>Krippe und Kindergarten<\/strong><\/p>\n<p>Unser Kinderhaus ist montags bis freitags von 07:30 Uhr bis 17:00 Uhr ge\u00f6ffnet. Bis 08:30 Uhr k\u00f6nnen die Kinder in Krippe und Kindergarten gebracht werden. Danach beginnt die Kernzeit, innerhalb derer alle Kinder anwesend sein sollten. Die Festlegung einer Kernzeit ist uns wichtig, damit das p\u00e4dagogische Team so einen ungest\u00f6rten Zeitraum f\u00fcr die Arbeit mit den Kindern hat, der nicht durch Bring- und Holsituationen unterbrochen ist. Ab 12:30 k\u00f6nnen die Kinder dann je nach individuell gebuchten Betreuungszeiten und abh\u00e4ngig von Essens- bzw. Schlafenszeiten abgeholt werden.<\/p>\n<p>Mit Abschluss des Betreuungsvertrages werden je nach Bedarf bzw. voraussichtlicher Anwesenheit der Kinder verbindliche Buchungszeiten festgelegt. F\u00fcr die Betreuung in Kindergarten und Krippe gilt eine t\u00e4gliche Mindestbuchungszeit von 4-5 Stunden.<\/p>\n<p><img decoding=\"async\" src=\"https:\/\/internationales-kinderhaus.de\/ika-wp\/wp-content\/uploads\/schema_zeiten.jpg\" alt=\"Betreunugszeiten Schema\" \/><\/p>\n<p><strong>Hort<\/strong><\/p>\n<p>Im Hort beginnen die Betreuungszeiten w\u00e4hrend der Schulzeiten f\u00fcr Kinder der ersten und zweiten Klasse in Anlehnung an die bayerischen Stundentafeln t\u00e4glich ab 11:45 Uhr. F\u00fcr Kinder der dritten und vierten Klasse beginnt die Betreuung t\u00e4glich ab 12:45 Uhr. Das Ende der Betreuung bestimmt sich nach den im Betreuungsvertrag festgelegten Zeiten (15 Uhr, 16 Uhr oder 17 Uhr). W\u00e4hrend der Ferien ist unser Hort bereits ab 8 Uhr ge\u00f6ffnet<\/p>\n<p><img decoding=\"async\" src=\"https:\/\/internationales-kinderhaus.de\/ika-wp\/wp-content\/uploads\/schema_zeiten-hort.jpg\" alt=\"Betreuungszeiten Hort\" \/><\/p>\n","protected":false},"excerpt":{"rendered":"<p>Krippe und Kindergarten Unser Kinderhaus ist montags bis freitags von 07:30 Uhr bis 17:00 Uhr ge\u00f6ffnet. Bis 08:30 Uhr k\u00f6nnen die Kinder in Krippe und Kindergarten gebracht werden. Danach beginnt die Kernzeit, innerhalb derer alle Kinder anwesend sein sollten. Die [&hellip;]<\/p>\n","protected":false},"author":1,"featured_media":0,"parent":12,"menu_order":0,"comment_status":"closed","ping_status":"closed","template":"","meta":{"footnotes":""},"class_list":["post-613","page","type-page","status-publish","hentry"],"_links":{"self":[{"href":"https:\/\/internationales-kinderhaus.de\/ika-2024\/wp-json\/wp\/v2\/pages\/613","targetHints":{"allow":["GET"]}}],"collection":[{"href":"https:\/\/internationales-kinderhaus.de\/ika-2024\/wp-json\/wp\/v2\/pages"}],"about":[{"href":"https:\/\/internationales-kinderhaus.de\/ika-2024\/wp-json\/wp\/v2\/types\/page"}],"author":[{"embeddable":true,"href":"https:\/\/internationales-kinderhaus.de\/ika-2024\/wp-json\/wp\/v2\/users\/1"}],"replies":[{"embeddable":true,"href":"https:\/\/internationales-kinderhaus.de\/ika-2024\/wp-json\/wp\/v2\/comments?post=613"}],"version-history":[{"count":0,"href":"https:\/\/internationales-kinderhaus.de\/ika-2024\/wp-json\/wp\/v2\/pages\/613\/revisions"}],"up":[{"embeddable":true,"href":"https:\/\/internationales-kinderhaus.de\/ika-2024\/wp-json\/wp\/v2\/pages\/12"}],"wp:attachment":[{"href":"https:\/\/internationales-kinderhaus.de\/ika-2024\/wp-json\/wp\/v2\/media?parent=613"}],"curies":[{"name":"wp","href":"https:\/\/api.w.org\/{rel}","templated":true}]}}