{"id":14,"date":"2015-11-19T11:11:51","date_gmt":"2015-11-19T10:11:51","guid":{"rendered":"http:\/\/internationales-kinderhaus.de\/ika-wp\/?page_id=14"},"modified":"2025-02-27T11:11:05","modified_gmt":"2025-02-27T10:11:05","slug":"der-verein","status":"publish","type":"page","link":"https:\/\/internationales-kinderhaus.de\/ika-2024\/der-verein\/","title":{"rendered":"Herzlich willkommen beim Tr\u00e4gerverein Internationales Kinderhaus Augsburg e.V."},"content":{"rendered":"<p>Der Verein \u201eInternationales Kinderhaus Augsburg e.V. ist der Tr\u00e4ger unserer Elterninitiativ-Kita. Er wurde am 30. April 2004 von engagierten Eltern ins Leben gerufen. Hintergrund und Zielsetzung ist die F\u00f6rderung der Zweisprachigkeit nach der Immersionsmethode. Getragen wird unser Verein durch seine Mitglieder. In der Regel sind dies die Eltern unserer Kita.<\/p>\n<p>Eine Elterninitiative lebt \u2013 wie der Name es schon sagt &#8211; vom Engagement der Eltern. Im Vereinsvorstand k\u00fcmmern sich zurzeit sieben Eltern ehrenamtlich um den reibungslosen Ablauf des Kita-Betriebs.<\/p>\n<p>Und da Engagement bei uns an erster Stelle steht, freuen wir uns nat\u00fcrlich auch \u00fcber jegliche Art von Unterst\u00fctzung. Mit Geld- oder Sachspenden k\u00f6nnen Sie uns bei der Umsetzung verschiedener Projekte und Vorhaben (z.B. notwendige Renovierungsma\u00dfnahmen, Anschaffung von zus\u00e4tzlichem Spielmaterial) helfen. Als gemeinn\u00fctzig anerkannter Verein stellen wir Ihnen gerne eine Spendenbescheinigung aus.<\/p>\n<p>Bitte kontaktieren Sie uns jederzeit gerne, wenn Sie weitere Informationen und Ausk\u00fcnfte ben\u00f6tigen oder einfach mit uns in Kontakt treten wollen.<\/p>\n<p>Ihr Vorstand des Vereins Internationales Kinderhaus Augsburg e.V.<\/p>\n<p>Unsere Gesch\u00e4ftsordnung finden Sie hier zum Download: <a href=\"https:\/\/internationales-kinderhaus.de\/ika-2024\/wp-content\/uploads\/2024\/11\/20240408_IKAGeschordn_gueltig0524.pdf\">IKA Gesch\u00e4ftsordnung (PDF)<\/a><\/p>\n<p>Unsere Satzung\u00a0finden Sie hier zum Download: <a href=\"http:\/\/internationales-kinderhaus.de\/ika-wp\/wp-content\/uploads\/IKA-Satzung-22_04_2021.pdf\" rel=\"\">IKA Satzung (PDF)<\/a><\/p>\n","protected":false},"excerpt":{"rendered":"<p>Der Verein \u201eInternationales Kinderhaus Augsburg e.V. ist der Tr\u00e4ger unserer Elterninitiativ-Kita. Er wurde am 30. April 2004 von engagierten Eltern ins Leben gerufen. Hintergrund und Zielsetzung ist die F\u00f6rderung der Zweisprachigkeit nach der Immersionsmethode. Getragen wird unser Verein durch seine [&hellip;]<\/p>\n","protected":false},"author":1,"featured_media":0,"parent":0,"menu_order":0,"comment_status":"closed","ping_status":"closed","template":"","meta":{"footnotes":""},"class_list":["post-14","page","type-page","status-publish","hentry"],"_links":{"self":[{"href":"https:\/\/internationales-kinderhaus.de\/ika-2024\/wp-json\/wp\/v2\/pages\/14","targetHints":{"allow":["GET"]}}],"collection":[{"href":"https:\/\/internationales-kinderhaus.de\/ika-2024\/wp-json\/wp\/v2\/pages"}],"about":[{"href":"https:\/\/internationales-kinderhaus.de\/ika-2024\/wp-json\/wp\/v2\/types\/page"}],"author":[{"embeddable":true,"href":"https:\/\/internationales-kinderhaus.de\/ika-2024\/wp-json\/wp\/v2\/users\/1"}],"replies":[{"embeddable":true,"href":"https:\/\/internationales-kinderhaus.de\/ika-2024\/wp-json\/wp\/v2\/comments?post=14"}],"version-history":[{"count":3,"href":"https:\/\/internationales-kinderhaus.de\/ika-2024\/wp-json\/wp\/v2\/pages\/14\/revisions"}],"predecessor-version":[{"id":1322,"href":"https:\/\/internationales-kinderhaus.de\/ika-2024\/wp-json\/wp\/v2\/pages\/14\/revisions\/1322"}],"wp:attachment":[{"href":"https:\/\/internationales-kinderhaus.de\/ika-2024\/wp-json\/wp\/v2\/media?parent=14"}],"curies":[{"name":"wp","href":"https:\/\/api.w.org\/{rel}","templated":true}]}}