{"id":124,"date":"2016-04-07T17:15:53","date_gmt":"2016-04-07T15:15:53","guid":{"rendered":"http:\/\/internationales-kinderhaus.de\/?page_id=124"},"modified":"2024-11-22T16:31:07","modified_gmt":"2024-11-22T15:31:07","slug":"unser-ernaehrungskonzept","status":"publish","type":"page","link":"https:\/\/internationales-kinderhaus.de\/ika-2024\/konzeption\/unser-ernaehrungskonzept\/","title":{"rendered":"Unser Ern\u00e4hrungskonzept"},"content":{"rendered":"\n<p class=\"Stil3\">Wir legen gro\u00dfen Wert auf gesunde Ern\u00e4hrung. Deshalb haben wir uns ganz bewusst f\u00fcr eine hauseigene Frischk\u00fcche mit eigenem Koch entschieden. T\u00e4glich bieten wir hier unseren Kindern eine ausgewogene vegetarische Bio-Kost. Durch die t\u00e4glich frische Zubereitung k\u00f6nnen wir auf Zus\u00e4tze wie Konservierungsstoffe oder Geschmacksverst\u00e4rker verzichten.<\/p>\n\n\n\n<div class=\"wp-block-media-text is-stacked-on-mobile\" style=\"grid-template-columns:37% auto\"><figure class=\"wp-block-media-text__media\"><img loading=\"lazy\" decoding=\"async\" width=\"739\" height=\"1024\" src=\"https:\/\/internationales-kinderhaus.de\/ika-2024\/wp-content\/uploads\/2024\/11\/Kueche1-739x1024.jpg\" alt=\"\" class=\"wp-image-1247 size-full\" srcset=\"https:\/\/internationales-kinderhaus.de\/ika-2024\/wp-content\/uploads\/2024\/11\/Kueche1-739x1024.jpg 739w, https:\/\/internationales-kinderhaus.de\/ika-2024\/wp-content\/uploads\/2024\/11\/Kueche1-217x300.jpg 217w, https:\/\/internationales-kinderhaus.de\/ika-2024\/wp-content\/uploads\/2024\/11\/Kueche1-768x1064.jpg 768w, https:\/\/internationales-kinderhaus.de\/ika-2024\/wp-content\/uploads\/2024\/11\/Kueche1.jpg 878w\" sizes=\"auto, (max-width: 739px) 100vw, 739px\" \/><\/figure><div class=\"wp-block-media-text__content\">\n<p><\/p>\n<\/div><\/div>\n\n\n\n<p><\/p>\n\n\n\n<p class=\"Stil3\">Wichtig ist uns auch, die Kinder bei den Mahlzeiten zu begleiten und zu vermitteln, wie wertvoll Nahrungsmittel und gesundes Essen sind. Feste Strukturen und Rituale schaffen ein Bewusstsein f\u00fcr Tisch- und Esskultur. Und nicht zuletzt erhalten die Kinder durch die eigene K\u00fcche einen Einblick in die Zubereitung der Speisen und k\u00f6nnen beim Kochen mit einbezogen werden.<\/p>\n","protected":false},"excerpt":{"rendered":"<p>Wir legen gro\u00dfen Wert auf gesunde Ern\u00e4hrung. Deshalb haben wir uns ganz bewusst f\u00fcr eine hauseigene Frischk\u00fcche mit eigenem Koch entschieden. T\u00e4glich bieten wir hier unseren Kindern eine ausgewogene vegetarische Bio-Kost. Durch die t\u00e4glich frische Zubereitung k\u00f6nnen wir auf Zus\u00e4tze [&hellip;]<\/p>\n","protected":false},"author":1,"featured_media":0,"parent":9,"menu_order":0,"comment_status":"closed","ping_status":"closed","template":"","meta":{"footnotes":""},"class_list":["post-124","page","type-page","status-publish","hentry"],"_links":{"self":[{"href":"https:\/\/internationales-kinderhaus.de\/ika-2024\/wp-json\/wp\/v2\/pages\/124","targetHints":{"allow":["GET"]}}],"collection":[{"href":"https:\/\/internationales-kinderhaus.de\/ika-2024\/wp-json\/wp\/v2\/pages"}],"about":[{"href":"https:\/\/internationales-kinderhaus.de\/ika-2024\/wp-json\/wp\/v2\/types\/page"}],"author":[{"embeddable":true,"href":"https:\/\/internationales-kinderhaus.de\/ika-2024\/wp-json\/wp\/v2\/users\/1"}],"replies":[{"embeddable":true,"href":"https:\/\/internationales-kinderhaus.de\/ika-2024\/wp-json\/wp\/v2\/comments?post=124"}],"version-history":[{"count":3,"href":"https:\/\/internationales-kinderhaus.de\/ika-2024\/wp-json\/wp\/v2\/pages\/124\/revisions"}],"predecessor-version":[{"id":1267,"href":"https:\/\/internationales-kinderhaus.de\/ika-2024\/wp-json\/wp\/v2\/pages\/124\/revisions\/1267"}],"up":[{"embeddable":true,"href":"https:\/\/internationales-kinderhaus.de\/ika-2024\/wp-json\/wp\/v2\/pages\/9"}],"wp:attachment":[{"href":"https:\/\/internationales-kinderhaus.de\/ika-2024\/wp-json\/wp\/v2\/media?parent=124"}],"curies":[{"name":"wp","href":"https:\/\/api.w.org\/{rel}","templated":true}]}}