{"id":122,"date":"2016-04-07T17:14:36","date_gmt":"2016-04-07T15:14:36","guid":{"rendered":"http:\/\/internationales-kinderhaus.de\/?page_id=122"},"modified":"2016-04-07T17:14:36","modified_gmt":"2016-04-07T15:14:36","slug":"was-bedeutet-elterninitiative-fuer-die-kindertagesstaette","status":"publish","type":"page","link":"https:\/\/internationales-kinderhaus.de\/ika-2024\/konzeption\/was-bedeutet-elterninitiative-fuer-die-kindertagesstaette\/","title":{"rendered":"Was bedeutet Elterninitiative f\u00fcr die Kindertagesst\u00e4tte?"},"content":{"rendered":"<p class=\"Stil3\">Das <i>Internationale Kinderhaus Augsburg<\/i> ist eine Elterninitiativ-Kita. Die Idee zur Gr\u00fcndung ist auf das Engagement von Eltern zur\u00fcckzuf\u00fchren, die ihren eigenen und m\u00f6glichst vielen anderen Kindern eine fr\u00fche Zweisprachigkeit erm\u00f6glichen wollten. Bis heute lebt das Kinderhaus durch engagierte Eltern, die unterschiedliche Ideen und Anregungen in die Kindertagesst\u00e4tte tragen und sich selbst entsprechend ihrer M\u00f6glichkeiten einbringen. Die Eltern sind in verschiedene Arbeits- und Projektgruppen eingeteilt, innerhalb derer sie eigenverantwortlich und ehrenamtlich die jeweils anfallenden Arbeiten erledigen bzw. koordinieren.<\/p>\n<p class=\"Stil3\">So gibt es beispielsweise Teams, die zust\u00e4ndig sind f\u00fcr die Instandhaltung, den Einkauf, die Gartenpflege oder die im Notfall als Putzdienst oder bei der Betreuung einspringen. Zweimal im Jahr findet eine gro\u00dfangelegte Putzaktion statt, bei der alle Eltern mit anpacken. Und auch beim j\u00e4hrlich stattfindenden Sommerfest bringen sich die Eltern mit eigenen Ideen bei der Organisation und Durchf\u00fchrung mit ein. Der Vorstand des Tr\u00e4gervereins setzt sich derzeit aus sieben aktiven Elternteilen zusammen. Diese erledigen auf ehrenamtlicher Basis anfallende organisatorische und koordinatorische Arbeiten. Eigeninitiative von Seiten der Eltern sowie deren Mitverantwortung sind insgesamt f\u00fcr das Fortbestehen des Kindergartens von ganz besonderer Wichtigkeit.<\/p>\n","protected":false},"excerpt":{"rendered":"<p>Das Internationale Kinderhaus Augsburg ist eine Elterninitiativ-Kita. Die Idee zur Gr\u00fcndung ist auf das Engagement von Eltern zur\u00fcckzuf\u00fchren, die ihren eigenen und m\u00f6glichst vielen anderen Kindern eine fr\u00fche Zweisprachigkeit erm\u00f6glichen wollten. Bis heute lebt das Kinderhaus durch engagierte Eltern, die [&hellip;]<\/p>\n","protected":false},"author":1,"featured_media":0,"parent":9,"menu_order":0,"comment_status":"closed","ping_status":"closed","template":"","meta":{"footnotes":""},"class_list":["post-122","page","type-page","status-publish","hentry"],"_links":{"self":[{"href":"https:\/\/internationales-kinderhaus.de\/ika-2024\/wp-json\/wp\/v2\/pages\/122","targetHints":{"allow":["GET"]}}],"collection":[{"href":"https:\/\/internationales-kinderhaus.de\/ika-2024\/wp-json\/wp\/v2\/pages"}],"about":[{"href":"https:\/\/internationales-kinderhaus.de\/ika-2024\/wp-json\/wp\/v2\/types\/page"}],"author":[{"embeddable":true,"href":"https:\/\/internationales-kinderhaus.de\/ika-2024\/wp-json\/wp\/v2\/users\/1"}],"replies":[{"embeddable":true,"href":"https:\/\/internationales-kinderhaus.de\/ika-2024\/wp-json\/wp\/v2\/comments?post=122"}],"version-history":[{"count":0,"href":"https:\/\/internationales-kinderhaus.de\/ika-2024\/wp-json\/wp\/v2\/pages\/122\/revisions"}],"up":[{"embeddable":true,"href":"https:\/\/internationales-kinderhaus.de\/ika-2024\/wp-json\/wp\/v2\/pages\/9"}],"wp:attachment":[{"href":"https:\/\/internationales-kinderhaus.de\/ika-2024\/wp-json\/wp\/v2\/media?parent=122"}],"curies":[{"name":"wp","href":"https:\/\/api.w.org\/{rel}","templated":true}]}}