{"id":12,"date":"2015-11-19T11:10:25","date_gmt":"2015-11-19T10:10:25","guid":{"rendered":"http:\/\/internationales-kinderhaus.de\/ika-wp\/?page_id=12"},"modified":"2024-11-22T15:59:47","modified_gmt":"2024-11-22T14:59:47","slug":"anmeldeverfahren","status":"publish","type":"page","link":"https:\/\/internationales-kinderhaus.de\/ika-2024\/anmeldeverfahren\/","title":{"rendered":"Wegweiser zur Anmeldung"},"content":{"rendered":"<p>Die Stadt Augsburg hat ein zentrales Online-Kita-Portal f\u00fcr alle Augsburger Kindertageseinrichtungen eingerichtet, um Eltern die Suche nach einem Betreuungsplatz zu erleichtern. Die Anmeldungen f\u00fcr unsere Kita werden ab sofort \u00fcber dieses Kita-Portal abgewickelt. Sie erreichen das Portal <a href=\"https:\/\/www.kitaplaner.de\/augsburg\/elternportal\/de\/\">hier<\/a> oder \u00fcber die Homepage der Stadt Augsburg.<\/p>\n<p>In der Regel veranstalten wir im Januar eines jeden Jahres einen Tag der offenen T\u00fcr, bei dem Sie die M\u00f6glichkeit erhalten, uns und unsere Einrichtung kennen zu lernen.<\/p>\n<p><a href=\"http:\/\/internationales-kinderhaus.de\/ika-wp\/wp-content\/uploads\/anmeldung_ablauf.jpg\" rel=\"attachment wp-att-607\"><img loading=\"lazy\" decoding=\"async\" class=\"alignleft wp-image-607 size-full\" src=\"http:\/\/internationales-kinderhaus.de\/ika-wp\/wp-content\/uploads\/anmeldung_ablauf.jpg\" alt=\"Abbauf der Anmeldung, schematische Abbildung\" width=\"246\" height=\"786\" \/><\/a> Der Anmeldeschluss f\u00fcr das im September beginnende neue Kita-Jahr ist jeweils an einem von der Stadt Augsburg vorgegebenen Termin im Februar des jeweiligen Jahres. Die Platzvergabe erfolgt im Anschluss daran. Ggf. laden wir in diesem Zeitraum einzelne Familien zu einem n\u00e4heren Kennenlerngespr\u00e4ch zu uns ein. Im April werden dann die Zu- bzw. Absagen verschickt. Die Termine hierf\u00fcr werden ebenfalls vom Bildungsreferat der Stadt Augsburg vorgegeben und sind f\u00fcr alle Augsburger Kitas gleich.<\/p>\n<p><span data-contrast=\"auto\">Sollten Sie eine Absage erhalten, k\u00f6nnen Sie sich bei weiterhin bestehendem Bedarf wieder neu anmelden. Sie bleiben dann f\u00fcr einen eventuell unterj\u00e4hrig freiwerdenden Platz bei uns registriert. Bitte beachten Sie jedoch, dass wir uns nur dann wieder bei Ihnen melden, falls tats\u00e4chlich ein Platz frei wird und neu besetzt werden soll.\u00a0<\/span><span data-ccp-props=\"{}\">\u00a0<\/span><\/p>\n<p>Falls Sie eine Zusage erhalten, vereinbaren wir mit Ihnen einen Termin zur Unterzeichnung des Betreuungsvertrages. Bevor es im September losgeht, laden wir Sie und Ihr Kind zu einer kleinen Schnupperstunde ein.<\/p>\n<p>Unsere Gesch\u00e4ftsordnung finden Sie hier zum Download: <a href=\"https:\/\/internationales-kinderhaus.de\/ika-2024\/wp-content\/uploads\/2024\/11\/20240408_IKAGeschordn_gueltig0524.pdf\" target=\"_blank\" rel=\"noopener\">IKA Gesch\u00e4ftsordnung (pdf)<\/a><\/p>\n","protected":false},"excerpt":{"rendered":"<p>Die Stadt Augsburg hat ein zentrales Online-Kita-Portal f\u00fcr alle Augsburger Kindertageseinrichtungen eingerichtet, um Eltern die Suche nach einem Betreuungsplatz zu erleichtern. Die Anmeldungen f\u00fcr unsere Kita werden ab sofort \u00fcber dieses Kita-Portal abgewickelt. Sie erreichen das Portal hier oder \u00fcber [&hellip;]<\/p>\n","protected":false},"author":1,"featured_media":0,"parent":0,"menu_order":0,"comment_status":"closed","ping_status":"closed","template":"","meta":{"footnotes":""},"class_list":["post-12","page","type-page","status-publish","hentry"],"_links":{"self":[{"href":"https:\/\/internationales-kinderhaus.de\/ika-2024\/wp-json\/wp\/v2\/pages\/12","targetHints":{"allow":["GET"]}}],"collection":[{"href":"https:\/\/internationales-kinderhaus.de\/ika-2024\/wp-json\/wp\/v2\/pages"}],"about":[{"href":"https:\/\/internationales-kinderhaus.de\/ika-2024\/wp-json\/wp\/v2\/types\/page"}],"author":[{"embeddable":true,"href":"https:\/\/internationales-kinderhaus.de\/ika-2024\/wp-json\/wp\/v2\/users\/1"}],"replies":[{"embeddable":true,"href":"https:\/\/internationales-kinderhaus.de\/ika-2024\/wp-json\/wp\/v2\/comments?post=12"}],"version-history":[{"count":2,"href":"https:\/\/internationales-kinderhaus.de\/ika-2024\/wp-json\/wp\/v2\/pages\/12\/revisions"}],"predecessor-version":[{"id":1232,"href":"https:\/\/internationales-kinderhaus.de\/ika-2024\/wp-json\/wp\/v2\/pages\/12\/revisions\/1232"}],"wp:attachment":[{"href":"https:\/\/internationales-kinderhaus.de\/ika-2024\/wp-json\/wp\/v2\/media?parent=12"}],"curies":[{"name":"wp","href":"https:\/\/api.w.org\/{rel}","templated":true}]}}